{"id":166,"date":"2025-06-24T13:38:58","date_gmt":"2025-06-24T13:38:58","guid":{"rendered":"http:\/\/www.oyapet.com\/?post_type=product&#038;p=166"},"modified":"2025-07-24T18:01:29","modified_gmt":"2025-07-24T15:01:29","slug":"evcil-hayvan-battaniyesi","status":"publish","type":"product","link":"https:\/\/www.oyapet.com\/tr\/pet-blanket\/","title":{"rendered":"Evcil Hayvan Battaniyesi"},"content":{"rendered":"<h2>\u00d6zel Evcil Hayvan Battaniyesi: Kalite, Konfor ve Stil<\/h2>\n<p>\u00dcr\u00fcn yelpazenizi geni\u015fletmek mi istiyorsunuz?\u00a0<strong>y\u00fcksek kaliteli evcil hayvan battaniyesi<\/strong>\u00a0evcil hayvan sahiplerinin sevece\u011fi bir \u015fey mi?\u00a0<strong>Avrupa \u00fcreticisi ve ihracat\u00e7\u0131s\u0131<\/strong>, yaratma konusunda uzmanla\u015ft\u0131k\u00a0<strong>\u00f6zel yap\u0131m evcil hayvan battaniyeleri<\/strong>\u00a0D\u00fcnya \u00e7ap\u0131ndaki perakendeciler ve e-ticaret evcil hayvan markalar\u0131 i\u00e7in.<\/p>\n<p>Tasar\u0131m, \u00fcretim ve \u00f6zel etiketleme konusundaki uzmanl\u0131\u011f\u0131m\u0131z, marka kimli\u011finizle m\u00fckemmel uyum sa\u011flayan, \u00f6ne \u00e7\u0131kan bir \u00fcr\u00fcn sunabilmenizi sa\u011flar.<\/p>\n<p><iframe width=\"1200\" height=\"800\" src=\"https:\/\/www.youtube.com\/embed\/aZeecIHY-hs?si=wDfI1EahtMeR5cPb\" title=\"YouTube video player\" frameborder=\"0\" allow=\"accelerometer; autoplay; clipboard-write; encrypted-media; gyroscope; picture-in-picture; web-share\" referrerpolicy=\"strict-origin-when-cross-origin\" allowfullscreen><\/iframe><\/p>\n<div id=\"tab-description\">\n<h2>Birinci S\u0131n\u0131f Malzemeler ve \u0130\u015f\u00e7ilik<\/h2>\n<ol>\n<li><strong>Yumu\u015fak ve Dayan\u0131kl\u0131 Kuma\u015flar<\/strong>\n<ul>\n<li>Her battaniye, s\u0131cakl\u0131k, konfor ve uzun \u00f6m\u00fcr sa\u011flamak \u00fczere tasarlanm\u0131\u015f l\u00fcks, evcil hayvan dostu tekstillerle \u00fcretilmi\u015ftir.<\/li>\n<\/ul>\n<\/li>\n<li><strong>Y\u00fcksek Kaliteli \u0130n\u015faat<\/strong>\n<ul>\n<li>G\u00fc\u00e7lendirilmi\u015f diki\u015fler ve \u00f6zenle se\u00e7ilmi\u015f malzemeler, battaniyelerimizin g\u00fcnl\u00fck kullan\u0131ma, \u00e7izilmeye ve defalarca y\u0131kamaya dayan\u0131kl\u0131 olmas\u0131n\u0131 sa\u011flar.<\/li>\n<\/ul>\n<\/li>\n<li><strong>\u00c7evre Bilin\u00e7li Se\u00e7imler<\/strong>\n<ul>\n<li>M\u00fcmk\u00fcn oldu\u011funca sorumlu bir \u015fekilde kaynak sa\u011fl\u0131yor, \u00e7evre bilincine sahip t\u00fcketicilere hitap eden s\u00fcrd\u00fcr\u00fclebilir kuma\u015f se\u00e7enekleri sunuyoruz.<\/li>\n<\/ul>\n<\/li>\n<\/ol>\n<h2>Markan\u0131za \u00d6zel Evcil Hayvan Battaniyesi<\/h2>\n<p><strong>\u00d6zel Etiket ve Nak\u0131\u015f<\/strong><\/p>\n<p>\u00d6zel etiketler, i\u015flemeli logolar veya ki\u015fiselle\u015ftirilmi\u015f tasar\u0131mlarla marka bilinirli\u011finizi art\u0131r\u0131n.<\/p>\n<p><strong>Renk ve Beden \u00c7e\u015fitleri<\/strong><\/p>\n<p>K\u00fc\u00e7\u00fck k\u00f6pek battaniyelerinden b\u00fcy\u00fck \u0131rklar i\u00e7in daha b\u00fcy\u00fck \u00f6rt\u00fclere kadar, pazar ihtiya\u00e7lar\u0131n\u0131za g\u00f6re uyarlanm\u0131\u015f \u00e7ok say\u0131da boyut ve renk paleti sunuyoruz.<\/p>\n<p><strong>Ambalaj ve Markalama<\/strong><\/p>\n<p>Markan\u0131z\u0131n imaj\u0131n\u0131 ve mesaj\u0131n\u0131 g\u00fc\u00e7lendiren markal\u0131 paketleme \u00e7\u00f6z\u00fcmleriyle kutudan \u00e7\u0131karma deneyimini geli\u015ftirin.<\/p>\n<h2>Esnek \u00dcretim ve K\u00fcresel \u0130hracat<\/h2>\n<p><strong>\u00d6l\u00e7eklenebilir Sipari\u015f Miktarlar\u0131<\/strong><\/p>\n<p>\u0130ster yeni kurulan, evcil hayvan odakl\u0131 bir e-ticaret ma\u011fazas\u0131 olun, ister k\u00f6kl\u00fc bir perakende zinciri olun, \u00e7e\u015fitli sipari\u015f hacimlerini kar\u015f\u0131l\u0131yoruz.<\/p>\n<p><strong>Verimli Geri D\u00f6n\u00fc\u015f<\/strong><\/p>\n<p>Ak\u0131c\u0131 \u00fcretim s\u00fcre\u00e7lerimiz ve Avrupa kalite standartlar\u0131m\u0131z, m\u00fckemmellikten \u00f6d\u00fcn vermeden zaman\u0131nda \u00fcretim yap\u0131lmas\u0131n\u0131 sa\u011flar.<\/p>\n<p><strong>D\u00fcnya \u00c7ap\u0131nda Nakliye<\/strong><\/p>\n<p>D\u00fcnya \u00e7ap\u0131nda ihracat ger\u00e7ekle\u015ftiriyor, g\u00fcvenilir lojistikle pazar eri\u015fiminizi geni\u015fletmenizi sa\u011fl\u0131yoruz.<\/p>\n<h2>Neden Bizimle Ortak Olmal\u0131s\u0131n\u0131z?<\/h2>\n<p><strong>Evcil Hayvan \u00dcr\u00fcnleri Uzmanl\u0131\u011f\u0131<\/strong><\/p>\n<p>Birinci s\u0131n\u0131f evcil hayvan malzemelerinin tasar\u0131m\u0131, \u00fcretimi ve ihracat\u0131 konusunda on y\u0131l\u0131 a\u015fk\u0131n deneyim.<\/p>\n<p><strong>Tutarl\u0131 Kalite Kontrol\u00fc<\/strong><\/p>\n<p>\u00dcretimin her a\u015famas\u0131nda yap\u0131lan titiz kontroller, beklentileri kar\u015f\u0131layan ve hatta a\u015fan bir nihai \u00fcr\u00fcn\u00fcn ortaya \u00e7\u0131kmas\u0131n\u0131 garantiliyor.<\/p>\n<p><strong>Rekabet\u00e7i Fiyatland\u0131rma<\/strong><\/p>\n<p>\u0130\u015fletmenizin karl\u0131l\u0131\u011f\u0131n\u0131 en \u00fcst d\u00fczeye \u00e7\u0131karan, maliyet etkin ve premium yakla\u015f\u0131m\u0131m\u0131zdan yararlan\u0131n.<\/p>\n<p><strong>\u00d6zel Destek Ekibi<\/strong><\/p>\n<p>\u0130lk konseptlerden son teslimata kadar, bilgili kadromuz her ad\u0131mda size rehberlik etmek i\u00e7in burada.<\/p>\n<\/div>\n<h2>Evcil Hayvan Koleksiyonunuzu Geni\u015fletmeye Haz\u0131r m\u0131s\u0131n\u0131z?<\/h2>\n<div>\n<p>Yat\u0131r\u0131m yap\u0131n\u00a0<strong>\u00f6zel evcil hayvan battaniyeleri<\/strong>\u00a0Stil, konfor ve dayan\u0131kl\u0131l\u0131k arayan evcil hayvan sahiplerinin be\u011fenisini kazanacak \u00fcr\u00fcnler sunuyoruz. Birlikte, markan\u0131z\u0131n itibar\u0131n\u0131 g\u00fc\u00e7lendirecek ve m\u00fc\u015fteri sadakatini art\u0131racak bir \u00fcr\u00fcn yelpazesi yaratabiliriz.<\/p>\n<p><strong><a href=\"https:\/\/oyatextile.com\/contact-us\/\" rel=\"nofollow noopener\" target=\"_blank\">Bize Ula\u015f\u0131n<\/a>\u00a0today<\/strong>\u00a0\u0130htiya\u00e7lar\u0131n\u0131z\u0131 g\u00f6r\u00fc\u015fmek, numune talep etmek veya \u00fcretim s\u00fcrecimiz hakk\u0131nda daha fazla bilgi edinmek i\u00e7in bizimle ileti\u015fime ge\u00e7in. \u0130\u015f hedeflerinizle m\u00fckemmel uyum sa\u011flayan benzersiz bir evcil hayvan battaniyesi \u00e7\u00f6z\u00fcm\u00fc \u00fczerinde birlikte \u00e7al\u0131\u015fal\u0131m.<\/p>\n<\/div>\n<div id=\"pxl-wgshopsingle-elementor\">\n<div class=\"widget-shop-single-elementor-inner\">\n<div class=\"container\">\n<div class=\"row\"><\/div>\n<\/div>\n<\/div>\n<\/div>","protected":false},"excerpt":{"rendered":"<div class=\"woocommerce-sg-product-excerpt\">\n<div class=\"woocommerce-product-details__short-description\">\n<p>Polyesterden \u00fcretilenler genellikle evcil hayvanlarla kullan\u0131ma uygun hale getiren \u00e7e\u015fitli \u00f6zelliklere sahiptir<\/p>\n<ul>\n<li>100 % Polyester<\/li>\n<li>180-300 gsm<\/li>\n<li>Polar<\/li>\n<\/ul>\n<h2>Sipari\u015f ve \u00dcretim<\/h2>\n<p>\u00d6zel Renkler i\u00e7in Minimum Sipari\u015f Miktar\u0131 400 adettir<\/p>\n<\/div>\n<\/div>","protected":false},"featured_media":167,"comment_status":"open","ping_status":"closed","template":"","meta":[],"product_brand":[],"product_cat":[21],"product_tag":[],"class_list":{"0":"post-166","1":"product","2":"type-product","3":"status-publish","4":"has-post-thumbnail","6":"product_cat-pet-drying-collection-manufacturer-turkey","8":"first","9":"instock","10":"shipping-taxable","11":"product-type-simple"},"_links":{"self":[{"href":"https:\/\/www.oyapet.com\/tr\/wp-json\/wp\/v2\/product\/166","targetHints":{"allow":["GET"]}}],"collection":[{"href":"https:\/\/www.oyapet.com\/tr\/wp-json\/wp\/v2\/product"}],"about":[{"href":"https:\/\/www.oyapet.com\/tr\/wp-json\/wp\/v2\/types\/product"}],"replies":[{"embeddable":true,"href":"https:\/\/www.oyapet.com\/tr\/wp-json\/wp\/v2\/comments?post=166"}],"wp:featuredmedia":[{"embeddable":true,"href":"https:\/\/www.oyapet.com\/tr\/wp-json\/wp\/v2\/media\/167"}],"wp:attachment":[{"href":"https:\/\/www.oyapet.com\/tr\/wp-json\/wp\/v2\/media?parent=166"}],"wp:term":[{"taxonomy":"product_brand","embeddable":true,"href":"https:\/\/www.oyapet.com\/tr\/wp-json\/wp\/v2\/product_brand?post=166"},{"taxonomy":"product_cat","embeddable":true,"href":"https:\/\/www.oyapet.com\/tr\/wp-json\/wp\/v2\/product_cat?post=166"},{"taxonomy":"product_tag","embeddable":true,"href":"https:\/\/www.oyapet.com\/tr\/wp-json\/wp\/v2\/product_tag?post=166"}],"curies":[{"name":"wp","href":"https:\/\/api.w.org\/{rel}","templated":true}]}}