{"id":170,"date":"2025-06-24T13:43:57","date_gmt":"2025-06-24T13:43:57","guid":{"rendered":"http:\/\/www.oyapet.com\/?post_type=product&#038;p=170"},"modified":"2025-09-17T13:58:09","modified_gmt":"2025-09-17T10:58:09","slug":"kopek-koklama-mati","status":"publish","type":"product","link":"https:\/\/www.oyapet.com\/tr\/dog-snuffle-mat\/","title":{"rendered":"K\u00f6pek Koklama Mat\u0131"},"content":{"rendered":"<h2 data-start=\"0\" data-end=\"116\">Oya Textile'den Etkile\u015fimli K\u00f6pek Koklama Mat\u0131 \u2013 \u00dcretici ve \u0130hracat\u00e7\u0131<\/h2>\n<p data-start=\"0\" data-end=\"116\">K\u00f6peklerin ke\u015ffetmesini, oynamas\u0131n\u0131 ve \u00f6\u011frenmesini tek bir rahat ve etkile\u015fimli \u00fcr\u00fcnle sa\u011flay\u0131n. Oya Tekstil'in K\u00f6pek Koklama Mat\u0131, merakl\u0131 k\u00f6pekler i\u00e7in zihinsel uyar\u0131m, yava\u015f beslenme faydalar\u0131 ve sonsuz e\u011flence sa\u011flamak \u00fczere \u00f6zenle tasarlanm\u0131\u015ft\u0131r.<\/p>\n<p>G\u00fcvenilir bir \u00fcretici ve ihracat\u00e7\u0131 olarak, k\u00fcresel standartlar\u0131 kar\u015f\u0131layan en kaliteli malzemeleri, \u00f6zelle\u015ftirilmi\u015f se\u00e7enekleri ve tutarl\u0131 yenili\u011fi garanti ediyoruz.<\/p>\n<h2>Temel \u00d6zellikler<\/h2>\n<ol>\n<li><strong>\u0130nteraktif Tasar\u0131m<\/strong>\n<ul>\n<li>\u00c7ok say\u0131da kuma\u015f katman\u0131 ve gizli cepler, k\u00f6peklerin \u00f6d\u00fclleri aramas\u0131n\u0131 ve koklamas\u0131n\u0131 kolayla\u015ft\u0131r\u0131r.<\/li>\n<li>Do\u011fal yiyecek arama i\u00e7g\u00fcd\u00fclerini te\u015fvik ederek, onlar\u0131 zihinsel olarak uyar\u0131r.<\/li>\n<\/ul>\n<\/li>\n<li><strong>Dayan\u0131kl\u0131 ve G\u00fcvenli Malzemeler<\/strong>\n<ul>\n<li>A\u015f\u0131nmaya ve y\u0131pranmaya dayan\u0131kl\u0131, birinci s\u0131n\u0131f, evcil hayvan dostu tekstillerle \u00fcretilmi\u015ftir.<\/li>\n<li>G\u00fc\u00e7lendirilmi\u015f diki\u015fler, koklama mat\u0131n\u0131n co\u015fkulu oyunlara dayanmas\u0131na yard\u0131mc\u0131 olur.<\/li>\n<\/ul>\n<\/li>\n<li><strong>Temizlemesi Kolay<\/strong>\n<ul>\n<li>Makinede y\u0131kanabilen kuma\u015flar, h\u0131zl\u0131 ve kolay temizlik imkan\u0131 sa\u011flar.<\/li>\n<li>Tekrarlanan y\u0131kamalardan sonra \u015feklini ve rengini koruyacak \u015fekilde tasarlanm\u0131\u015ft\u0131r.<\/li>\n<\/ul>\n<\/li>\n<li><strong>\u00d6zelle\u015ftirilebilir Se\u00e7enekler<\/strong>\n<ul>\n<li>Markan\u0131za uygun \u00e7e\u015fitli renk, desen ve boyutlardan se\u00e7im yap\u0131n.<\/li>\n<li>Talep \u00fczerine i\u015flemeli logolar ve \u00f6zel etiketli ambalajlar mevcuttur.<\/li>\n<\/ul>\n<\/li>\n<\/ol>\n<h2>\u0130\u015fletmeniz \u0130\u00e7in Faydalar\u0131<\/h2>\n<ul>\n<li><strong>Geli\u015fmi\u015f M\u00fc\u015fteri Memnuniyeti<\/strong>: Sa\u011fl\u0131kl\u0131 al\u0131\u015fkanl\u0131klar\u0131 te\u015fvik eden ve evcil hayvanlar\u0131n ilgisini canl\u0131 tutan ak\u0131ll\u0131 bir beslenme \u00e7\u00f6z\u00fcm\u00fc sunun.<\/li>\n<li><strong>Pazarda \u00d6ne \u00c7\u0131k\u0131n<\/strong>: \u00d6zel marka olu\u015fturma f\u0131rsatlar\u0131, hedef kitlenizle yank\u0131 uyand\u0131ran benzersiz bir \u00fcr\u00fcn yelpazesi olu\u015fturman\u0131za olanak tan\u0131r.<\/li>\n<li><strong>G\u00fcvenilirlik ve Verimlilik<\/strong>: Deneyimli bir ihracat\u00e7\u0131 olan Oya Tekstil, \u00fcretim ve lojisti\u011fi kusursuz bir \u015fekilde y\u00f6neterek zaman\u0131nda teslimat\u0131 garanti alt\u0131na almaktad\u0131r.<\/li>\n<li><strong>\u00d6l\u00e7eklenebilir ve Esnek \u00c7\u00f6z\u00fcmler<\/strong>: \u0130ster s\u0131n\u0131rl\u0131 say\u0131da ister b\u00fcy\u00fck \u00f6l\u00e7ekli \u00fcretime ihtiyac\u0131n\u0131z olsun, kaliteden \u00f6d\u00fcn vermeden ihtiya\u00e7lar\u0131n\u0131z\u0131 kar\u015f\u0131l\u0131yoruz.<\/li>\n<\/ul>\n<h2>Neden Oya Tekstil ile Ortak Olmal\u0131s\u0131n\u0131z?<\/h2>\n<ol>\n<li><strong>Evcil Hayvan \u00dcr\u00fcnleri Uzmanl\u0131\u011f\u0131<\/strong><br \/>\nK\u00f6pek giyim ve aksesuarlar\u0131 konusunda uzmanla\u015f\u0131yoruz ve sekt\u00f6rdeki y\u0131llar\u0131n deneyimini kullanarak yenilik\u00e7i, pazar lideri \u00fcr\u00fcnler \u00fcretiyoruz.<\/li>\n<li><strong>Kalite G\u00fcvencesi<\/strong><br \/>\nS\u0131k\u0131 kalite kontrol protokollerimiz, her mat\u0131n dayan\u0131kl\u0131l\u0131k ve g\u00fcvenlik a\u00e7\u0131s\u0131ndan s\u0131k\u0131 standartlar\u0131 kar\u015f\u0131lamas\u0131n\u0131 sa\u011flar.<\/li>\n<li><strong>Duyarl\u0131 Destek<\/strong><br \/>\nUzman ihracat ekibimiz, konseptten teslimata kadar her ad\u0131mda size rehberlik ederek, dikkatli bir ileti\u015fim sa\u011flar.<\/li>\n<li><strong>Rekabet\u00e7i Fiyatland\u0131rma ve K\u00fcresel Eri\u015fim<\/strong><br \/>\nVerimli \u00fcretim y\u00f6ntemleri ve uluslararas\u0131 nakliye uzmanl\u0131\u011f\u0131m\u0131zla, d\u00fcnya \u00e7ap\u0131ndaki m\u00fc\u015fterilerimize uygun maliyetli \u00e7\u00f6z\u00fcmler sunuyoruz.<\/li>\n<\/ol>\n<h2>\u00dcr\u00fcn Yelpazenizi Y\u00fckseltmeye Haz\u0131r m\u0131s\u0131n\u0131z?<\/h2>\n<p>Yat\u0131r\u0131m yap\u0131n\u00a0<a href=\"https:\/\/www.instagram.com\/reel\/C8FZZsQohHN\/?utm_source=ig_web_copy_link&amp;igsh=MzRlODBiNWFlZA==\" target=\"_blank\" rel=\"noopener nofollow\">Oya Tekstil'den K\u00f6pek Koklama Mat\u0131<\/a>\u00a0evcil hayvan sahiplerini etkile\u015fimli ve y\u00fcksek kaliteli bir \u00fcr\u00fcnle b\u00fcy\u00fcleyin. \u00d6zelle\u015ftirme se\u00e7eneklerini g\u00f6r\u00fc\u015fmek, numune talep etmek veya sipari\u015f vermek i\u00e7in bug\u00fcn bizimle ileti\u015fime ge\u00e7in. D\u00fcnyan\u0131n d\u00f6rt bir yan\u0131ndaki k\u00f6peklere heyecan ve zenginlik katman\u0131za yard\u0131mc\u0131 olmak ve markan\u0131z\u0131n k\u00fcresel evcil hayvan pazar\u0131ndaki etkisini art\u0131rmak i\u00e7in sab\u0131rs\u0131zlan\u0131yoruz.<\/p>\n<p><strong><a href=\"https:\/\/oyatextile.com\/contact-us\/\" rel=\"nofollow noopener\" target=\"_blank\">Bize Ula\u015f\u0131n<\/a>\u00a0T\u00fcrkiye'deki Evcil Hayvan Giyim \u00dcreticisinden Katalog veya \u00d6zel Teklif Talep Etmek \u0130\u00e7in Bug\u00fcn<\/strong><\/p>","protected":false},"excerpt":{"rendered":"<p>K\u00f6peklerin do\u011fal yiyecek arama i\u00e7g\u00fcd\u00fclerini harekete ge\u00e7irmek i\u00e7in \u00f6zel olarak tasarlanan Oya Tekstil'in yenilik\u00e7i K\u00f6pek Koklama Mat\u0131n\u0131 ke\u015ffedin.<\/p>\n<p>\u00d6zelle\u015ftirilebilir markalama ile birinci s\u0131n\u0131f malzemelerden \u00fcretilen bu matlar, zihinsel uyar\u0131m, yava\u015f beslenme faydalar\u0131 ve sonsuz e\u011flence sunar.<\/p>\n<p>G\u00fcvenilir bir \u00fcretici ve ihracat\u00e7\u0131 olan Oya Tekstil ile i\u015f ortakl\u0131\u011f\u0131 yap\u0131n ve k\u00f6peklerin (ve sahiplerinin) sevece\u011fi g\u00fcvenilir, ilgi \u00e7ekici bir \u00e7\u00f6z\u00fcmle evcil hayvan \u00fcr\u00fcn yelpazenizi y\u00fckseltin.<\/p>","protected":false},"featured_media":171,"comment_status":"open","ping_status":"closed","template":"","meta":[],"product_brand":[],"product_cat":[18],"product_tag":[],"class_list":{"0":"post-170","1":"product","2":"type-product","3":"status-publish","4":"has-post-thumbnail","6":"product_cat-shoes-accesories","8":"first","9":"instock","10":"shipping-taxable","11":"product-type-simple"},"_links":{"self":[{"href":"https:\/\/www.oyapet.com\/tr\/wp-json\/wp\/v2\/product\/170","targetHints":{"allow":["GET"]}}],"collection":[{"href":"https:\/\/www.oyapet.com\/tr\/wp-json\/wp\/v2\/product"}],"about":[{"href":"https:\/\/www.oyapet.com\/tr\/wp-json\/wp\/v2\/types\/product"}],"replies":[{"embeddable":true,"href":"https:\/\/www.oyapet.com\/tr\/wp-json\/wp\/v2\/comments?post=170"}],"wp:featuredmedia":[{"embeddable":true,"href":"https:\/\/www.oyapet.com\/tr\/wp-json\/wp\/v2\/media\/171"}],"wp:attachment":[{"href":"https:\/\/www.oyapet.com\/tr\/wp-json\/wp\/v2\/media?parent=170"}],"wp:term":[{"taxonomy":"product_brand","embeddable":true,"href":"https:\/\/www.oyapet.com\/tr\/wp-json\/wp\/v2\/product_brand?post=170"},{"taxonomy":"product_cat","embeddable":true,"href":"https:\/\/www.oyapet.com\/tr\/wp-json\/wp\/v2\/product_cat?post=170"},{"taxonomy":"product_tag","embeddable":true,"href":"https:\/\/www.oyapet.com\/tr\/wp-json\/wp\/v2\/product_tag?post=170"}],"curies":[{"name":"wp","href":"https:\/\/api.w.org\/{rel}","templated":true}]}}